{"id":21,"date":"2018-05-23T13:08:49","date_gmt":"2018-05-23T13:08:49","guid":{"rendered":"http:\/\/zahnarztpraxis-weite-gasse.ch\/?page_id=21"},"modified":"2018-10-08T12:39:26","modified_gmt":"2018-10-08T12:39:26","slug":"unser-team","status":"publish","type":"page","link":"https:\/\/zahnarztpraxis-weite-gasse.ch\/?page_id=21","title":{"rendered":"Unser team"},"content":{"rendered":"<div class=\"tmm tmm_unser-team\"><div class=\"tmm_3_columns tmm_wrap tmm_theme_f\"><span class=\"tmm_two_containers_tablet\"><\/span><div class=\"tmm_container\"><div class=\"tmm_member\" style=\"border-top:#333333 solid 5px;\"><div class=\"tmm_photo tmm_pic_unser-team_0\" style=\"background: url(https:\/\/zahnarztpraxis-weite-gasse.ch\/wp-content\/uploads\/2018\/06\/Pajaziti-e1528625261129.jpg); margin-left: auto; margin-right:auto; background-size:cover !important;\"><\/div><div class=\"tmm_textblock\"><div class=\"tmm_names\"><span class=\"tmm_fname\">Akibe<\/span> <span class=\"tmm_lname\">Pajaziti Bosco<\/span><\/div><div class=\"tmm_job\">eidg. dipl. Zahn\u00e4rztin<\/div><div class=\"tmm_desc\" style=\"text-align:center\"><p>Nach der B - Matur (Latein) an der Kantonsschule Baden, habe ich an der Universit\u00e4t Z\u00fcrich Zahnmedizin studiert. Von 2007 bis 2016 habe ich in verschiedenen Praxen in den Kantonen Aargau und Z\u00fcrich als Assistenzzahn\u00e4rztin und Zahn\u00e4rztin gearbeitet. Im August 2016 habe ich die Praxis an der Weite Gasse in Baden \u00fcbernommen.<\/p><\/div><div class=\"tmm_scblock\"><\/div><\/div><\/div><div style=\"clear:both;\"><\/div><\/div><\/div><\/div>\n<p><a href=\"https:\/\/zahnarztpraxis-weite-gasse.ch\/\"><strong>Zur\u00fcck zur Homepage<\/strong><\/a><\/p>\n","protected":false},"excerpt":{"rendered":"<p>Zur\u00fcck zur Homepage<\/p>\n","protected":false},"author":1,"featured_media":0,"parent":0,"menu_order":0,"comment_status":"closed","ping_status":"closed","template":"","meta":{"_editorskit_title_hidden":false,"_editorskit_reading_time":0,"_editorskit_is_block_options_detached":false,"_editorskit_block_options_position":"{}","footnotes":""},"class_list":["post-21","page","type-page","status-publish","hentry"],"_links":{"self":[{"href":"https:\/\/zahnarztpraxis-weite-gasse.ch\/index.php?rest_route=\/wp\/v2\/pages\/21","targetHints":{"allow":["GET"]}}],"collection":[{"href":"https:\/\/zahnarztpraxis-weite-gasse.ch\/index.php?rest_route=\/wp\/v2\/pages"}],"about":[{"href":"https:\/\/zahnarztpraxis-weite-gasse.ch\/index.php?rest_route=\/wp\/v2\/types\/page"}],"author":[{"embeddable":true,"href":"https:\/\/zahnarztpraxis-weite-gasse.ch\/index.php?rest_route=\/wp\/v2\/users\/1"}],"replies":[{"embeddable":true,"href":"https:\/\/zahnarztpraxis-weite-gasse.ch\/index.php?rest_route=%2Fwp%2Fv2%2Fcomments&post=21"}],"version-history":[{"count":2,"href":"https:\/\/zahnarztpraxis-weite-gasse.ch\/index.php?rest_route=\/wp\/v2\/pages\/21\/revisions"}],"predecessor-version":[{"id":150,"href":"https:\/\/zahnarztpraxis-weite-gasse.ch\/index.php?rest_route=\/wp\/v2\/pages\/21\/revisions\/150"}],"wp:attachment":[{"href":"https:\/\/zahnarztpraxis-weite-gasse.ch\/index.php?rest_route=%2Fwp%2Fv2%2Fmedia&parent=21"}],"curies":[{"name":"wp","href":"https:\/\/api.w.org\/{rel}","templated":true}]}}