{"id":24,"date":"2018-05-23T13:12:19","date_gmt":"2018-05-23T13:12:19","guid":{"rendered":"http:\/\/zahnarztpraxis-weite-gasse.ch\/?page_id=24"},"modified":"2024-09-09T14:55:38","modified_gmt":"2024-09-09T14:55:38","slug":"wo-sie-uns-finden","status":"publish","type":"page","link":"https:\/\/zahnarztpraxis-weite-gasse.ch\/?page_id=24","title":{"rendered":"Wo Sie uns finden"},"content":{"rendered":"\n<h2 class=\"wp-block-heading\">Im Herzen der badener Altstadt<\/h2>\n\n\n\n<figure class=\"wp-block-image size-full\"><a href=\"https:\/\/search.ch\/map\/Baden,Weite-Gasse-7?pos=665334,258214&amp;zoom=16\" target=\"_blank\" rel=\"noopener\"><img loading=\"lazy\" decoding=\"async\" width=\"1102\" height=\"760\" src=\"https:\/\/zahnarztpraxis-weite-gasse.ch\/wp-content\/uploads\/2024\/09\/Bildschirmfoto.png\" alt=\"\" class=\"wp-image-306\"\/><\/a><\/figure>\n\n\n\n<p style=\"font-size:25px;font-style:normal;font-weight:300\"><\/p>\n\n\n\n<p style=\"font-size:25px;font-style:normal;font-weight:300\"><strong>Mit den \u00d6Vs<\/strong><\/p>\n\n\n\n<p class=\"has-text-align-justify has-black-color has-text-color has-link-color wp-elements-dc3ee190399e5197f0c03db5e5c65739\" style=\"font-size:25px;font-style:normal;font-weight:300\">Wenn Sie mit dem <strong>Zug<\/strong> unterwegs sind, erreichen Sie uns vom Bahnhof Baden aus in ca. 7 Gehminuten. <\/p>\n\n\n\n<p class=\"has-text-align-justify has-black-color has-text-color has-link-color wp-elements-a37b652646d4d75051c181a154255671\" style=\"font-size:25px;font-style:normal;font-weight:300\">Wenn Sie mit dem <strong>Bus<\/strong> anfahren, steigen Sie an der Haltestelle &#8220;Schulhausplatz&#8221; aus und Sie befinden sich praktisch vor der Haust\u00fcre.<\/p>\n\n\n\n<p style=\"font-size:25px;font-style:normal;font-weight:300\"><strong>Mit dem Auto<\/strong><\/p>\n\n\n\n<p class=\"has-text-align-justify\" style=\"font-size:25px;font-style:normal;font-weight:300\">Unsere Praxis liegt direkt <span style=\"color: #3366ff;\">am Schulhausplatz<\/span> und ist somit sehr gut aus allen Richtungen auch mit dem Auto erreichbar. Die n\u00e4chstgelegenen Parkm\u00f6glichkeiten befinden sich &#8220;im Graben&#8221; oder im Parkhaus L\u00e4ndli.<\/p>\n\n\n\n<p class=\"has-normal-font-size\"><a href=\"https:\/\/zahnarztpraxis-weite-gasse.ch\/\" class=\"ek-link\">Zur\u00fcck zur Homepage<\/a><\/p>\n","protected":false},"excerpt":{"rendered":"<p>Im Herzen der badener Altstadt Mit den \u00d6Vs Wenn Sie mit dem Zug unterwegs sind, erreichen Sie uns vom Bahnhof Baden aus in ca. 7 Gehminuten. Wenn Sie mit dem Bus anfahren, steigen Sie an der Haltestelle &#8220;Schulhausplatz&#8221; aus und Sie befinden sich praktisch vor &hellip; <a href=\"https:\/\/zahnarztpraxis-weite-gasse.ch\/?page_id=24\" class=\"more-link\"><span>Continue reading<span class=\"screen-reader-text\">Wo Sie uns finden<\/span><\/span><\/a><\/p>\n","protected":false},"author":1,"featured_media":0,"parent":0,"menu_order":0,"comment_status":"closed","ping_status":"closed","template":"","meta":{"_editorskit_title_hidden":true,"_editorskit_reading_time":0,"_editorskit_is_block_options_detached":false,"_editorskit_block_options_position":"{}","footnotes":""},"class_list":["post-24","page","type-page","status-publish","hentry"],"_links":{"self":[{"href":"https:\/\/zahnarztpraxis-weite-gasse.ch\/index.php?rest_route=\/wp\/v2\/pages\/24","targetHints":{"allow":["GET"]}}],"collection":[{"href":"https:\/\/zahnarztpraxis-weite-gasse.ch\/index.php?rest_route=\/wp\/v2\/pages"}],"about":[{"href":"https:\/\/zahnarztpraxis-weite-gasse.ch\/index.php?rest_route=\/wp\/v2\/types\/page"}],"author":[{"embeddable":true,"href":"https:\/\/zahnarztpraxis-weite-gasse.ch\/index.php?rest_route=\/wp\/v2\/users\/1"}],"replies":[{"embeddable":true,"href":"https:\/\/zahnarztpraxis-weite-gasse.ch\/index.php?rest_route=%2Fwp%2Fv2%2Fcomments&post=24"}],"version-history":[{"count":28,"href":"https:\/\/zahnarztpraxis-weite-gasse.ch\/index.php?rest_route=\/wp\/v2\/pages\/24\/revisions"}],"predecessor-version":[{"id":309,"href":"https:\/\/zahnarztpraxis-weite-gasse.ch\/index.php?rest_route=\/wp\/v2\/pages\/24\/revisions\/309"}],"wp:attachment":[{"href":"https:\/\/zahnarztpraxis-weite-gasse.ch\/index.php?rest_route=%2Fwp%2Fv2%2Fmedia&parent=24"}],"curies":[{"name":"wp","href":"https:\/\/api.w.org\/{rel}","templated":true}]}}